{"id":62,"date":"2022-08-22T21:21:53","date_gmt":"2022-08-22T19:21:53","guid":{"rendered":"https:\/\/sp-bolemin.pl\/?page_id=62"},"modified":"2025-09-01T12:10:11","modified_gmt":"2025-09-01T10:10:11","slug":"pliki-szkoly","status":"publish","type":"page","link":"https:\/\/sp-bolemin.pl\/?page_id=62","title":{"rendered":"Pliki Szko\u0142y"},"content":{"rendered":"\t\t<div data-elementor-type=\"wp-page\" data-elementor-id=\"62\" class=\"elementor elementor-62\">\n\t\t\t\t\t\t<header class=\"elementor-section elementor-top-section elementor-element elementor-element-678550e elementor-section-full_width elementor-section-height-min-height elementor-section-items-bottom elementor-section-height-default elementor-invisible\" data-id=\"678550e\" data-element_type=\"section\" data-settings=\"{&quot;background_background&quot;:&quot;classic&quot;,&quot;animation&quot;:&quot;fadeIn&quot;,&quot;animation_delay&quot;:50}\">\n\t\t\t\t\t\t\t<div class=\"elementor-background-overlay\"><\/div>\n\t\t\t\t\t\t\t<div class=\"elementor-container elementor-column-gap-no\">\n\t\t\t\t\t<div class=\"elementor-column elementor-col-100 elementor-top-column elementor-element elementor-element-1c052cfd\" data-id=\"1c052cfd\" data-element_type=\"column\">\n\t\t\t<div class=\"elementor-widget-wrap elementor-element-populated\">\n\t\t\t\t\t\t<section class=\"elementor-section elementor-inner-section elementor-element elementor-element-4a0a557b elementor-section-content-bottom elementor-section-boxed elementor-section-height-default elementor-section-height-default\" data-id=\"4a0a557b\" data-element_type=\"section\">\n\t\t\t\t\t\t<div class=\"elementor-container elementor-column-gap-default\">\n\t\t\t\t\t<div class=\"elementor-column elementor-col-100 elementor-inner-column elementor-element elementor-element-8ac6145\" data-id=\"8ac6145\" data-element_type=\"column\">\n\t\t\t<div class=\"elementor-widget-wrap elementor-element-populated\">\n\t\t\t\t\t\t<div class=\"elementor-element elementor-element-6dab685c elementor-invisible elementor-widget elementor-widget-heading\" data-id=\"6dab685c\" data-element_type=\"widget\" data-settings=\"{&quot;_animation&quot;:&quot;fadeIn&quot;,&quot;_animation_delay&quot;:100}\" data-widget_type=\"heading.default\">\n\t\t\t\t<div class=\"elementor-widget-container\">\n\t\t\t<style>\/*! elementor - v3.23.0 - 05-08-2024 *\/\n.elementor-heading-title{padding:0;margin:0;line-height:1}.elementor-widget-heading .elementor-heading-title[class*=elementor-size-]>a{color:inherit;font-size:inherit;line-height:inherit}.elementor-widget-heading .elementor-heading-title.elementor-size-small{font-size:15px}.elementor-widget-heading .elementor-heading-title.elementor-size-medium{font-size:19px}.elementor-widget-heading .elementor-heading-title.elementor-size-large{font-size:29px}.elementor-widget-heading .elementor-heading-title.elementor-size-xl{font-size:39px}.elementor-widget-heading .elementor-heading-title.elementor-size-xxl{font-size:59px}<\/style><h1 class=\"elementor-heading-title elementor-size-default\">dokumenty szko\u0142y<\/h1>\t\t<\/div>\n\t\t\t\t<\/div>\n\t\t\t\t\t<\/div>\n\t\t<\/div>\n\t\t\t\t\t<\/div>\n\t\t<\/section>\n\t\t\t\t\t<\/div>\n\t\t<\/div>\n\t\t\t\t\t<\/div>\n\t\t<\/header>\n\t\t\t\t<section class=\"elementor-section elementor-top-section elementor-element elementor-element-f2afbbc elementor-section-boxed elementor-section-height-default elementor-section-height-default\" data-id=\"f2afbbc\" data-element_type=\"section\">\n\t\t\t\t\t\t<div class=\"elementor-container elementor-column-gap-default\">\n\t\t\t\t\t<div class=\"elementor-column elementor-col-100 elementor-top-column elementor-element elementor-element-de0f5c6\" data-id=\"de0f5c6\" data-element_type=\"column\">\n\t\t\t<div class=\"elementor-widget-wrap elementor-element-populated\">\n\t\t\t\t\t\t<div class=\"elementor-element elementor-element-93dd2b8 elementor-widget elementor-widget-text-editor\" data-id=\"93dd2b8\" data-element_type=\"widget\" data-widget_type=\"text-editor.default\">\n\t\t\t\t<div class=\"elementor-widget-container\">\n\t\t\t<style>\/*! elementor - v3.23.0 - 05-08-2024 *\/\n.elementor-widget-text-editor.elementor-drop-cap-view-stacked .elementor-drop-cap{background-color:#69727d;color:#fff}.elementor-widget-text-editor.elementor-drop-cap-view-framed .elementor-drop-cap{color:#69727d;border:3px solid;background-color:transparent}.elementor-widget-text-editor:not(.elementor-drop-cap-view-default) .elementor-drop-cap{margin-top:8px}.elementor-widget-text-editor:not(.elementor-drop-cap-view-default) .elementor-drop-cap-letter{width:1em;height:1em}.elementor-widget-text-editor .elementor-drop-cap{float:left;text-align:center;line-height:1;font-size:50px}.elementor-widget-text-editor .elementor-drop-cap-letter{display:inline-block}<\/style>\t\t\t\t<h1><a href=\"http:\/\/sp-bolemin.pl\/wp-content\/uploads\/statut-2024.pdf\">STATUT SP-Bolemin<\/a><\/h1><h1><a href=\"http:\/\/sp-bolemin.pl\/wp-content\/uploads\/2022\/08\/program-prof-wych-2022-2023.docx\" target=\"_blank\" rel=\"noopener\">Program wychowawczo &#8211; profilaktyczny<\/a><\/h1><h1><a href=\"http:\/\/sp-bolemin.pl\/wp-content\/uploads\/SYSTEM-OCENIANIA-ZACHOWANIA-1.pdf\">System oceniania zachowania<\/a><\/h1><h1><a href=\"http:\/\/sp-bolemin.pl\/wp-content\/uploads\/2022\/08\/procedury-sytuacje-kryzysowe.doc\" target=\"_blank\" rel=\"noopener\">Procedury szkolne w sytuacjach zagro\u017cenia<\/a><\/h1><h1><a href=\"http:\/\/sp-bolemin.pl\/wp-content\/uploads\/2022\/08\/Pocedury-bezpieczenstwa-COVID-2021-aktualne.doc\" target=\"_blank\" rel=\"noopener\">Procedury bezpiecze\u0144stwa &#8211; COVID -19<\/a><\/h1><h1><a href=\"http:\/\/sp-bolemin.pl\/wp-content\/uploads\/2022\/08\/procedura-rodzice-Bolemin-po-zmianach.docx\" target=\"_blank\" rel=\"noopener\">Procedury Wsp\u00f3\u0142pracy z Rodzicami \/Prawnymi Opiekunami<\/a><\/h1><h1><a href=\"http:\/\/sp-bolemin.pl\/wp-content\/uploads\/Regulamin-dowozow-i-odwozow-uczniow-SP-Bolemin1.docx\" target=\"_blank\" rel=\"noopener\">Regulamin dowoz\u00f3w i odwoz\u00f3w\u00a0<\/a><\/h1><h1><a href=\"https:\/\/sp-bolemin.pl\/wp-content\/uploads\/SP-regulamin-stolowki-23-1.docx\">Regula<\/a><a href=\"https:\/\/sp-bolemin.pl\/wp-content\/uploads\/SP-regulamin-stolowki-23-1.docx\">min Sto\u0142\u00f3wki<\/a><\/h1><h1><a href=\"https:\/\/sp-bolemin.pl\/wp-content\/uploads\/HARMONOGRAM-ZEBRAN-Z-RODZICAMI-W-ROKU-SZKOLNYM-2024-2025.doc\">Harmonogram zabra\u0144 z rodzicami 2025\/2026<\/a><\/h1><h1><strong><a href=\"http:\/\/sp-bolemin.pl\/wp-content\/uploads\/106_25-z-dn.-26.05.2025-w-sprawie-okreslenia-zasad-przyznawania-stypendium-wojta-gminy-deszczno-dla-uczniow-szczegolnie-uzdol-1.pdf\">Zasady przyznawania stypendium W\u00f3jta Gminy Deszczno\u00a0 \u00a0<\/a><\/strong><\/h1><h1><a href=\"http:\/\/sp-bolemin.pl\/wp-content\/uploads\/Zalacznik-do-Uchwaly-XVI_106_25-z-dn.-26.05.2025-W-SPRAWIE-OKKRESLENIA-ZASAD-PRZYZNAWANIA-STYPENDIUM-2025-r.-WNIOSEK.docx\">Wniosek do stypendium<\/a><\/h1><h1><a href=\"https:\/\/sp-bolemin.pl\/wp-content\/uploads\/wniosek-przyjecia-do-swietlicy.doc\">Wniosek o przyj\u0119cie do \u015bwietlicy<\/a>\u00a0<\/h1><p>\u00a0<\/p><div>\u00a0<\/div><div>\u00a0<\/div>\t\t\t\t\t\t<\/div>\n\t\t\t\t<\/div>\n\t\t\t\t\t<\/div>\n\t\t<\/div>\n\t\t\t\t\t<\/div>\n\t\t<\/section>\n\t\t\t\t<\/div>\n\t\t","protected":false},"excerpt":{"rendered":"<p>dokumenty szko\u0142y STATUT SP-Bolemin Program wychowawczo &#8211; profilaktyczny System oceniania zachowania Procedury szkolne w sytuacjach zagro\u017cenia Procedury bezpiecze\u0144stwa &#8211; COVID -19 Procedury Wsp\u00f3\u0142pracy z Rodzicami \/Prawnymi Opiekunami Regulamin dowoz\u00f3w i odwoz\u00f3w\u00a0 Regulamin Sto\u0142\u00f3wki Harmonogram zabra\u0144 z rodzicami 2025\/2026 Zasady przyznawania stypendium W\u00f3jta Gminy Deszczno\u00a0 \u00a0 Wniosek do stypendium Wniosek o przyj\u0119cie do \u015bwietlicy\u00a0 \u00a0 \u00a0\u00a0<\/p>\n","protected":false},"author":1,"featured_media":0,"parent":0,"menu_order":0,"comment_status":"closed","ping_status":"closed","template":"","meta":{"ocean_post_layout":"full-screen","ocean_both_sidebars_style":"","ocean_both_sidebars_content_width":0,"ocean_both_sidebars_sidebars_width":0,"ocean_sidebar":"0","ocean_second_sidebar":"0","ocean_disable_margins":"enable","ocean_add_body_class":"","ocean_shortcode_before_top_bar":"","ocean_shortcode_after_top_bar":"","ocean_shortcode_before_header":"","ocean_shortcode_after_header":"","ocean_has_shortcode":"","ocean_shortcode_after_title":"","ocean_shortcode_before_footer_widgets":"","ocean_shortcode_after_footer_widgets":"","ocean_shortcode_before_footer_bottom":"","ocean_shortcode_after_footer_bottom":"","ocean_display_top_bar":"off","ocean_display_header":"default","ocean_header_style":"","ocean_center_header_left_menu":"0","ocean_custom_header_template":"0","ocean_custom_logo":0,"ocean_custom_retina_logo":0,"ocean_custom_logo_max_width":0,"ocean_custom_logo_tablet_max_width":0,"ocean_custom_logo_mobile_max_width":0,"ocean_custom_logo_max_height":0,"ocean_custom_logo_tablet_max_height":0,"ocean_custom_logo_mobile_max_height":0,"ocean_header_custom_menu":"0","ocean_menu_typo_font_family":"0","ocean_menu_typo_font_subset":"","ocean_menu_typo_font_size":0,"ocean_menu_typo_font_size_tablet":0,"ocean_menu_typo_font_size_mobile":0,"ocean_menu_typo_font_size_unit":"px","ocean_menu_typo_font_weight":"","ocean_menu_typo_font_weight_tablet":"","ocean_menu_typo_font_weight_mobile":"","ocean_menu_typo_transform":"","ocean_menu_typo_transform_tablet":"","ocean_menu_typo_transform_mobile":"","ocean_menu_typo_line_height":0,"ocean_menu_typo_line_height_tablet":0,"ocean_menu_typo_line_height_mobile":0,"ocean_menu_typo_line_height_unit":"","ocean_menu_typo_spacing":0,"ocean_menu_typo_spacing_tablet":0,"ocean_menu_typo_spacing_mobile":0,"ocean_menu_typo_spacing_unit":"","ocean_menu_link_color":"","ocean_menu_link_color_hover":"","ocean_menu_link_color_active":"","ocean_menu_link_background":"","ocean_menu_link_hover_background":"","ocean_menu_link_active_background":"","ocean_menu_social_links_bg":"","ocean_menu_social_hover_links_bg":"","ocean_menu_social_links_color":"","ocean_menu_social_hover_links_color":"","ocean_disable_title":"on","ocean_disable_heading":"default","ocean_post_title":"","ocean_post_subheading":"","ocean_post_title_style":"","ocean_post_title_background_color":"","ocean_post_title_background":0,"ocean_post_title_bg_image_position":"","ocean_post_title_bg_image_attachment":"","ocean_post_title_bg_image_repeat":"","ocean_post_title_bg_image_size":"","ocean_post_title_height":0,"ocean_post_title_bg_overlay":0.5,"ocean_post_title_bg_overlay_color":"","ocean_disable_breadcrumbs":"off","ocean_breadcrumbs_color":"","ocean_breadcrumbs_separator_color":"","ocean_breadcrumbs_links_color":"","ocean_breadcrumbs_links_hover_color":"","ocean_display_footer_widgets":"off","ocean_display_footer_bottom":"off","ocean_custom_footer_template":"0","footnotes":""},"class_list":["post-62","page","type-page","status-publish","hentry","entry"],"_links":{"self":[{"href":"https:\/\/sp-bolemin.pl\/index.php?rest_route=\/wp\/v2\/pages\/62","targetHints":{"allow":["GET"]}}],"collection":[{"href":"https:\/\/sp-bolemin.pl\/index.php?rest_route=\/wp\/v2\/pages"}],"about":[{"href":"https:\/\/sp-bolemin.pl\/index.php?rest_route=\/wp\/v2\/types\/page"}],"author":[{"embeddable":true,"href":"https:\/\/sp-bolemin.pl\/index.php?rest_route=\/wp\/v2\/users\/1"}],"replies":[{"embeddable":true,"href":"https:\/\/sp-bolemin.pl\/index.php?rest_route=%2Fwp%2Fv2%2Fcomments&post=62"}],"version-history":[{"count":60,"href":"https:\/\/sp-bolemin.pl\/index.php?rest_route=\/wp\/v2\/pages\/62\/revisions"}],"predecessor-version":[{"id":1997,"href":"https:\/\/sp-bolemin.pl\/index.php?rest_route=\/wp\/v2\/pages\/62\/revisions\/1997"}],"wp:attachment":[{"href":"https:\/\/sp-bolemin.pl\/index.php?rest_route=%2Fwp%2Fv2%2Fmedia&parent=62"}],"curies":[{"name":"wp","href":"https:\/\/api.w.org\/{rel}","templated":true}]}}